{"id":2782,"date":"2024-01-26T17:08:08","date_gmt":"2024-01-26T16:08:08","guid":{"rendered":"https:\/\/www.millermusic.de\/impressum\/"},"modified":"2025-09-30T12:36:27","modified_gmt":"2025-09-30T10:36:27","slug":"imprint","status":"publish","type":"page","link":"https:\/\/www.millermusic.de\/en\/imprint\/","title":{"rendered":"Imprint"},"content":{"rendered":"\n<h1 class=\"wp-block-heading\">Imprint<\/h1>\n\n\n<p><strong>Angaben gem\u00e4\u00df \u00a7 5 TMG<\/strong><\/p><p><strong>MILLER MUSIC M\u00dcNCHEN<\/strong><br \/>Headquarters<br \/>Fasangartenstrasse 137d<br \/>81549 M\u00fcnchen<\/p><p><strong>MILLER MUSIC UNTERHACHING<\/strong><br \/>Office &amp; Session Location<br \/>Carl-Duisberg-Stra\u00dfe 2a<br \/>82008 Unterhaching<\/p><p><strong>Vertreten durch:<\/strong><br \/>Eddy Miller<\/p><p><strong>Kontakt<\/strong><br \/>Tel. +49 172 6223992<br \/>Geb\u00fchrenfrei: 0800 611 8005<br \/>info@millermusic.de<\/p><p><strong>Umsatzsteuer-ID<\/strong><br \/>Umsatzsteuer-Identifikationsnummer gem\u00e4\u00df \u00a727 a Umsatzsteuergesetz:<br \/>DE129635948<\/p><p>Wir sind nicht bereit oder verpflichtet, an Streitbeilegungsverfahren vor einer Verbraucherschlichtungsstelle teilzunehmen.<\/p>\n\n\n<p><strong>Haftung f\u00fcr Inhalte<\/strong><br \/>\nAls Diensteanbieter sind wir f\u00fcr eigene Inhalte auf diesen Seiten nach den allgemeinen Gesetzen verantwortlich. Wir sind als Diensteanbieter jedoch nicht verpflichtet, \u00fcbermittelte oder gespeicherte fremde Informationen zu \u00fcberwachen oder nach Umst\u00e4nden zu forschen, die auf eine rechtswidrige T\u00e4tigkeit hinweisen.<\/p>\n<p>Verpflichtungen zur Entfernung oder Sperrung der Nutzung von Informationen nach den allgemeinen Gesetzen bleiben hiervon unber\u00fchrt. Eine diesbez\u00fcgliche Haftung ist jedoch erst ab dem Zeitpunkt der Kenntnis einer konkreten Rechtsverletzung m\u00f6glich. Bei Bekanntwerden von entsprechenden Rechtsverletzungen werden wir diese Inhalte umgehend entfernen.<\/p>\n<p><strong>Haftung f\u00fcr Links<\/strong><br \/>\nUnser Angebot enth\u00e4lt Links zu externen Websites Dritter, auf deren Inhalte wir keinen Einfluss haben. Deshalb k\u00f6nnen wir f\u00fcr diese fremden Inhalte auch keine Gew\u00e4hr \u00fcbernehmen. F\u00fcr die Inhalte der verlinkten Seiten ist stets der jeweilige Anbieter oder Betreiber der Seiten verantwortlich. Die verlinkten Seiten wurden zum Zeitpunkt der Verlinkung auf m\u00f6gliche Rechtsverst\u00f6\u00dfe \u00fcberpr\u00fcft. Rechtswidrige Inhalte waren zum Zeitpunkt der Verlinkung nicht erkennbar.<\/p>\n<p>Eine permanente inhaltliche Kontrolle der verlinkten Seiten ist jedoch ohne konkrete Anhaltspunkte einer Rechtsverletzung nicht zumutbar. Bei Bekanntwerden von Rechtsverletzungen werden wir derartige Links umgehend entfernen.<\/p>\n<p><strong>Urheberrecht<\/strong><br \/>\nDie durch die Seitenbetreiber erstellten Inhalte und Werke auf diesen Seiten unterliegen dem deutschen Urheberrecht. Die Vervielf\u00e4ltigung, Bearbeitung, Verbreitung und jede Art der Verwertung au\u00dferhalb der Grenzen des Urheberrechtes bed\u00fcrfen der schriftlichen Zustimmung des jeweiligen Autors bzw. Erstellers. Downloads und Kopien dieser Seite sind nur f\u00fcr den privaten, nicht kommerziellen Gebrauch gestattet.<\/p>\n<p>Soweit die Inhalte auf dieser Seite nicht vom Betreiber erstellt wurden, werden die Urheberrechte Dritter beachtet. Insbesondere werden Inhalte Dritter als solche gekennzeichnet. Sollten Sie trotzdem auf eine Urheberrechtsverletzung aufmerksam werden, bitten wir um einen entsprechenden Hinweis. Bei Bekanntwerden von Rechtsverletzungen werden wir derartige Inhalte umgehend entfernen.<\/p>\n\n\n\n<p><strong>Quellenangaben<\/strong><br \/>\nEs werden auf unserer Homepage Bilder, Grafiken und Abbildungen verwendet, welche entweder selbst erstellt, lizenzseitig von Bilddatenbanken erworben, oder lizenzfrei f\u00fcr die verwendeten Zwecke zur Verf\u00fcgung gestellt wurden.<\/p>\n\n\n\n<p><strong>Konzeption, Design und technische Umsetzung<\/strong><\/p>\n<p>twin Werbeagentur GmbH<br \/>\nTruderinger Stra\u00dfe 302a<br \/>\n81825 M\u00fcnchen<br \/>\nTelefon: 089 189 04 31 0<br \/>\nE-Mail:\u00a0<a href=\"mailto:info@twin-gmbh.de\">info@twin-gmbh.de<\/a><br \/>\nWeb:\u00a0<a href=\"https:\/\/twin-gmbh.de\/\" target=\"_blank\" rel=\"noopener\">www.twin-gmbh.de<\/a><\/p>\n<p>Diese Website, alle Inhalte (Texte, Bilder, Grafiken, Dateien etc.) sowie Gestaltung und Layout unterliegen dem Urheberrechtsschutz. Unerlaubte Nutzungen, Reproduktionen und Verbreitung sowie Urheberrechtsanma\u00dfungen einzelner Inhalte, Teilen der Webseiten oder der Website an sich werden zivil- und strafrechtlich verfolgt. Eine weitere Vervielf\u00e4ltigung oder jede vollumf\u00e4ngliche oder ausschnittsweise Nutzung sowie Bearbeitung ist nicht gestattet.<\/p>\n<p>Bildnachweis<br \/>\n<em>\u00a9 Silja Eisenweger \u2013 www.twin-gmbh.de<br \/>\n\u00a9 Christoph M\u00fcller-Bombart \u2013 www.christophbombart-photography.com<br \/>\n\u00a9 Fabian Vogl - www.fabianvogl.com<br \/>\n\u00a9 Meli Wetzel - www.meli-photodesign.de<br \/>\n<\/em><em>\u00a9 Jan Scheffner \u2013 www.janscheffner.com<br \/>\n\u00a9 Koblenz Touristik GmbH<br \/>\n<\/em><\/p>\n\n\n\n<p><b>Aktuelle Version<\/b><\/p>\n\n09.10.2025 00:47 Uhr\n\n\n<\/p>","protected":false},"excerpt":{"rendered":"<p>Imprint Aktuelle Version<\/p>\n","protected":false},"author":3,"featured_media":0,"parent":0,"menu_order":0,"comment_status":"closed","ping_status":"closed","template":"","meta":{"footnotes":""},"class_list":["post-2782","page","type-page","status-publish","hentry"],"_links":{"self":[{"href":"https:\/\/www.millermusic.de\/en\/wp-json\/wp\/v2\/pages\/2782","targetHints":{"allow":["GET"]}}],"collection":[{"href":"https:\/\/www.millermusic.de\/en\/wp-json\/wp\/v2\/pages"}],"about":[{"href":"https:\/\/www.millermusic.de\/en\/wp-json\/wp\/v2\/types\/page"}],"author":[{"embeddable":true,"href":"https:\/\/www.millermusic.de\/en\/wp-json\/wp\/v2\/users\/3"}],"replies":[{"embeddable":true,"href":"https:\/\/www.millermusic.de\/en\/wp-json\/wp\/v2\/comments?post=2782"}],"version-history":[{"count":1,"href":"https:\/\/www.millermusic.de\/en\/wp-json\/wp\/v2\/pages\/2782\/revisions"}],"predecessor-version":[{"id":2783,"href":"https:\/\/www.millermusic.de\/en\/wp-json\/wp\/v2\/pages\/2782\/revisions\/2783"}],"wp:attachment":[{"href":"https:\/\/www.millermusic.de\/en\/wp-json\/wp\/v2\/media?parent=2782"}],"curies":[{"name":"wp","href":"https:\/\/api.w.org\/{rel}","templated":true}]}}