{"id":2765,"date":"2024-01-26T17:08:25","date_gmt":"2024-01-26T16:08:25","guid":{"rendered":"https:\/\/www.millermusic.de\/datenschutz\/"},"modified":"2025-10-03T22:26:56","modified_gmt":"2025-10-03T20:26:56","slug":"data-protection","status":"publish","type":"page","link":"https:\/\/www.millermusic.de\/en\/data-protection\/","title":{"rendered":"Data protection"},"content":{"rendered":"\n<h1 class=\"wp-block-heading\">Data protection<\/h1>\n\n\n\n<p>We collect and use your personal data exclusively in accordance with the data protection regulations of the Federal Republic of Germany. These include, in particular, the provisions of the Federal Data Protection Act (BDSG) and the Telemedia Act (TMG). Our employees and agents are obligated to comply with data protection regulations in accordance with statutory requirements. In the following, we inform you about the nature, scope, and purposes of the collection and use of personal data.<\/p>\n\n\n<p>Wir freuen uns \u00fcber Ihren Besuch auf unserer Internetseite und Ihrem Interesse an unserem Unternehmen. Der Schutz Ihrer personenbezogenen Daten ist uns ein wichtiges Anliegen. Personenbezogene Daten sind Einzelangaben \u00fcber pers\u00f6nliche oder sachliche Verh\u00e4ltnisse einer bestimmten oder bestimmbaren nat\u00fcrlichen Person. Darunter fallen Informationen wie der b\u00fcrgerliche Name, die Anschrift, die Telefonnummer und das Geburtsdatum.<\/p><p>Da diese Daten besonderen Schutz genie\u00dfen, werden sie bei uns nur im technisch erforderlichen Umfang erhoben. Nachfolgend stellen wir dar, welche Informationen wir w\u00e4hrend Ihres Besuches auf unserer Internetseite erfassen und wie diese genutzt werden.<\/p><p>Unsere Datenschutzpraxis steht im Einklang mit den Regelungen des Bundesdatenschutzgesetzes (BDSG) und des Telemediengesetzes (TMG). Wir werden Ihre personenbezogenen Daten ausschlie\u00dflich zur Bearbeitung von Anfragen und ggf. zur Abwicklung von Bestellungen \/ Vertr\u00e4gen erheben, verarbeiten und speichern. Nur wenn Sie zuvor Ihre Einwilligung gesondert erteilt haben, erfolgt eine Nutzung Ihrer Daten auch f\u00fcr weitergehende, in der Einwilligung genau bestimmte Zwecke, z.B. f\u00fcr Informationen \u00fcber Angebote per Newsletter, etc.<\/p><h3>1. Verantwortliche Stelle i.S.d. \u00a7 13 Abs. 1 TMG \/ \u00a7 3 Abs. 7 BDSG<\/h3><p>Verantwortliche Stelle im Sinne des Datenschutzrechts ist:<br \/>\u00a0<br \/><strong>MILLER MUSIC<\/strong><br \/>Carl-Duisberg-Stra\u00dfe 2a<br \/>82008 Unterhaching<br \/>Telefon:\u00a0+49 (0)89 611 8005-0<br \/>Telefax:\u00a0+49 (0)89 611 8005-1<br \/>Mobil:\u00a0+49 (0)172 622 3992<br \/>E-Mail:\u00a0<a href=\"mailto:eddy.miller@millermusic.de\">eddy.miller@millermusic.de<\/a><\/p><h3>2. Anonyme \/ Pseudonymisierte Nutzung der Internetseite<\/h3><p>Sie k\u00f6nnen unsere Internetseite grunds\u00e4tzlich ohne Angabe von personenbezogenen Daten besuchen. Pseudonymisierte Nutzungsdaten werden nicht mit den Daten des Tr\u00e4gers des Pseudonyms zusammengef\u00fchrt. Eine Erstellung von pseudonymen Nutzungsprofilen findet nicht statt.<\/p><h3>3. Datenweitergabe \/ Zweckbindung<\/h3><p>Wir geben personenbezogene Daten nur an Dritte weiter, soweit dies f\u00fcr uns zur Erf\u00fcllung unserer Vertragsverpflichtungen, insbesondere zur Abwicklung eines geschlossenen Vertrages, notwendig ist. Eine Weitergabe von personenbezogenen Daten an Dritte findet au\u00dfer zu den genannten Zwecken der Vertrags- und Zahlungsabwicklung nicht statt. Wenn Sie uns pers\u00f6nliche Daten im Rahmen einer ausdr\u00fccklichen Einwilligung zur Verf\u00fcgung stellen, werden diese Daten nur f\u00fcr den Zweck genutzt, der der Einwilligung zu Grunde liegt und dem Sie vorab zugestimmt haben. Wir werden Ihre personenbezogenen Daten nur so lange speichern, wie dies f\u00fcr den vorgesehenen Zweck der Datenerhebung notwendig oder gesetzlich vorgeschrieben ist. Sie k\u00f6nnen Ihre Einwilligung jederzeit widerrufen.<\/p><p>Ihre schutzw\u00fcrdigen Belange werden gem\u00e4\u00df den gesetzlichen Bestimmungen ber\u00fccksichtigt. Sie k\u00f6nnen bei der verantwortlichen Stelle eine Auskunft \u00fcber die Sie betreffenden gespeicherten Daten erhalten.<\/p><h3>4. Statistische Auswertung der Besuche dieser Internetseite<\/h3><p>Wir erheben, verarbeiten und speichern bei dem Aufruf dieser Internetseite oder einzelner Dateien der Internetseite folgende Daten: IP-Adresse, Webseite, von der aus die Datei abgerufen wurde, Name der Datei, Datum und Uhrzeit des Abrufs, \u00fcbertragene Datenmenge und Meldung \u00fcber den Erfolg des Abrufs (sog. Web-Log). Diese Zugriffsdaten verwenden wir ausschlie\u00dflich in nicht personalisierter Form f\u00fcr die stetige Verbesserung unseres Internetangebots und zu statistischen Zwecken.<br \/>Zudem setzen wir zur Auswertung der Besuche dieser Internetseite folgende Plugins und aktive Script-Inhalte ein:<\/p><p>* Google Googleadservices \/ Google AdWords Conversion \/ Google Dynamic Remarketing:<br \/>Wir arbeiten im Bereich des \u201eOnline-Marketing\u201c mit der Firma Google Inc., 1600 Amphitheatre Parkway, Mountain View, CA 94043, USA zusammen, um zu erkennen, ob ein Internetnutzer \u00fcber eine Google-Anzeige auf unsere Internetseite aufmerksam geworden ist. Google verwendet \u201cCookies\u201c, die auf Ihrem Computer gespeichert werden und eine Analyse der Benutzung der Website erm\u00f6glicht. Die Cookies f\u00fcr das sogenannte \u201eConversion-Tracking\u201c werden gesetzt, wenn Sie auf eine von Google geschaltete Anzeige klicken. Diese Cookies verlieren nach 30 Tagen ihre G\u00fcltigkeit und dienen nicht der pers\u00f6nlichen Identifizierung. Wenn Sie diese Cookies f\u00fcr das \u201eConversion-Tracking\u201c deaktivieren m\u00f6chten, k\u00f6nnen Sie Ihren Browser so einstellen, dass Cookies von der Domain \u201egoogleadservices.com\u201c blockiert werden. Um die Ausf\u00fchrung von Java-Script Code von Google insgesamt zu verhindern, k\u00f6nnen Sie einen Java-Script-Blocker installieren (z.B. www.noscript.net oder www.ghostery.com). Falls Sie mehr \u00fcber diese Methoden erfahren m\u00f6chten oder wissen m\u00f6chten, welche M\u00f6glichkeiten Sie haben, damit diese Informationen nicht von Google verwendet werden k\u00f6nnen, klicken Sie hier:\u00a0<a href=\"https:\/\/support.google.com\/adwords\/answer\/1722022?hl=de\" target=\"_blank\" rel=\"noopener\">https:\/\/support.google.com\/adwords\/answer\/1722022?hl=de.<\/a><\/p><p>* Google-Analytics:<br \/>Diese Website benutzt Google Analytics, einen Webanalysedienst der Google Inc., 1600 Amphitheatre Parkway, Mountain View, CA 94043, USA (nachfolgend: Google). Google Analytics verwendet diverse Techniken, u.a auch sog. \u201aCookies\u2018, die auf Ihrem Computer gespeichert werden und die eine Analyse der Nutzung dieser Website durch die Besucher erm\u00f6glichen. Die von Google-Analytics gewonnenen Informationen \u00fcber Ihre Nutzung dieser Website werden an Server von Google \u00fcbertragen, die ggf. in Staaten au\u00dferhalb der Mitgliedstaaten der Europ\u00e4ischen Union und ggf. auch au\u00dferhalb von Vertragsstaaten des Abkommens \u00fcber den Europ\u00e4ischen Wirtschaftsraum betrieben werden. Durch die Aktivierung der IP-Anonymisierung innerhalb des Google-Analytics Tracking-Codes dieser Internetseite, wird Ihre IP-Adresse von Google vor der \u00dcbertragung anonymisiert. Diese Website nutzt einen Google Analytics-Tracking-Code, der um den Operator gat._anonymizeIp(); erweitert wurde, um nur eine anonymisierte Erfassung von IP-Adressen (sog. IP-Masking) zu erm\u00f6glichen. Im Auftrag des Betreibers dieser Website wird Google diese Informationen nutzen, um Ihren Besuch auf dieser Internetseite auszuwerten, Reports \u00fcber die Websiteaktivit\u00e4ten zusammenzustellen und um weitere mit der Websitenutzung und der Internetnutzung verbundene Dienstleistungen gegen\u00fcber dem Websitebetreiber zu erbringen. Die im Rahmen von Google Analytics von Ihrem Browser \u00fcbermittelte IP-Adresse wird nicht mit anderen Daten von Google zusammengef\u00fchrt. Sie k\u00f6nnen die Speicherung von Google-Cookies durch eine entsprechende Einstellung Ihrer Browser-Software verhindern. Wir weisen Sie jedoch darauf hin, dass Sie in diesem Fall gegebenenfalls nicht s\u00e4mtliche Funktionen dieser Website vollumf\u00e4nglich nutzen k\u00f6nnen. Sie k\u00f6nnen dar\u00fcber hinaus die Erfassung der durch den Google-Cookie erzeugten und auf Ihre Nutzung der Website bezogenen Daten (inkl. Ihrer IP-Adresse) an Google sowie die Verarbeitung dieser Daten durch Google verhindern, indem Sie das unter dem folgenden Link (<a href=\"http:\/\/tools.google.com\/dlpage\/gaoptout?hl=de\" target=\"_blank\" rel=\"noopener\">http:\/\/tools.google.com\/dlpage\/gaoptout?hl=de<\/a>) verf\u00fcgbare Browser-Plugin herunterladen und installieren. Die Sicherheits- und Datenschutzgrunds\u00e4tze von Google Analytics finden Sie unter\u00a0<a href=\"http:\/\/www.google.com\/intl\/de\/analytics\/learn\/privacy.html\" target=\"_blank\" rel=\"noopener\">http:\/\/www.google.com\/intl\/de\/analytics\/learn\/privacy.html<\/a>.<br \/>Sie k\u00f6nnen die Erfassung durch Google Analytics verhindern, indem Sie auf folgenden Link klicken. Es wird ein Opt-Out-Cookie gesetzt, der die zuku\u0308nftige Erfassung Ihrer Daten beim Besuch dieser Website verhindert:\u00a0<a>Google Analytics deaktivieren<\/a>.<\/p><h3>5. Unterrichtung \u00fcber die Nutzung von Cookies<\/h3><p>Auf verschiedenen Seiten verwenden wir Cookies, um den Besuch unserer Website attraktiv zu gestalten und die Nutzung bestimmter Funktionen zu erm\u00f6glichen. Bei den sog. \u201aCookies\u2018 handelt es sich um kleine Textdateien, die Ihr Browser auf Ihrem Rechner ablegen kann. Der Vorgang des Ablegens einer Cookie-Datei wird auch \u201aein Cookie setzen\u2018 genannt. Sie k\u00f6nnen Ihren Browser selbst nach Ihren W\u00fcnschen so einstellen, dass Sie \u00fcber das Setzen von Cookies informiert werden, von Fall zu Fall \u00fcber die Annahme entscheiden oder die Annahme von Cookies grunds\u00e4tzlich akzeptieren oder grunds\u00e4tzlich ausschlie\u00dfen. Cookies k\u00f6nnen zu unterschiedlichen Zwecken eingesetzt werden, z.B. um zu erkennen, dass Ihr PC schon einmal eine Verbindung zu einem Webangebot hatte (dauerhafte Cookies) oder um zuletzt angesehene Angebote zu speichern (Sitzungs-Cookies). Wir setzen Cookies ein, um Ihnen einen gesteigerten Benutzerkomfort zu bieten. Um unsere Komfortfunktionen zu nutzen, empfehlen wir Ihnen, die Annahme von Cookies f\u00fcr unser Webangebot zu erlauben.<\/p><h3>6. Datensicherheit und Datenschutz, Kommunikation per E-Mail<\/h3><p>Ihre personenbezogenen Daten werden durch technische und organisatorische Ma\u00dfnahmen so bei der Erhebung, Speicherung und Verarbeitung gesch\u00fctzt, dass sie f\u00fcr Dritte nicht zug\u00e4nglich sind. Bei der Kommunikation per E-Mail kann die vollst\u00e4ndige Datensicherheit von uns nicht gew\u00e4hrleistet werden, sodass wir Ihnen bei Informationen mit hohem Geheimhaltungsbed\u00fcrfnis den Postweg empfehlen.<\/p><h3>7. Widerruf von Einwilligungen \u2013 Datenausk\u00fcnfte und \u00c4nderungsw\u00fcnsche \u2013 L\u00f6schung &amp; Sperrung von Daten<\/h3><p>Nach dem Bundesdatenschutzgesetz haben Sie ein Recht auf unentgeltliche Auskunft \u00fcber Ihre gespeicherten Daten sowie ggf. ein Recht auf Berichtigung, Sperrung oder L\u00f6schung dieser Daten. Ihre Daten werden dann gel\u00f6scht, falls dem nicht gesetzliche Regelungen entgegenstehen. Sie k\u00f6nnen eine uns erteilte Erlaubnis, Ihre pers\u00f6nlichen Daten zu nutzen, jederzeit widerrufen. Auskunfts-, L\u00f6schungs- und Berichtigungsw\u00fcnsche zu Ihren Daten und gerne auch Anregungen k\u00f6nnen Sie jederzeit an folgende Adresse senden:<\/p><p class=\"border\"><strong>MILLER MUSIC<\/strong><br \/>Carl-Duisberg-Stra\u00dfe 2a<br \/>82008 Unterhaching<br \/>Telefon:\u00a0+49 (0)89 611 8005-0<br \/>Telefax:\u00a0+49 (0)89 611 8005-1<br \/>Mobil:\u00a0+49 (0)172 622 3992<br \/>E-Mail:\u00a0<a href=\"mailto:eddy.miller@millermusic.de\">eddy.miller@millermusic.de<\/a><\/p>\n\n\n\n<p><b>Aktuelle Version<\/b><br>14.02.2024 15:38 Uhr<\/p>\n\n\n\n<p><b>Als PDF zum Ausdrucken<\/b><br><a href=\"https:\/\/www.millermusic.de\/en\/\/wp-content\/uploads\/rechtliches\/datenschutz\/datenschutz_miller-music.s33.homepages.dev_14-02-2024_1538.pdf\" target=\"_blank\">Datenschutzerkl\u00e4rung (PDF 14.02.2024 15:38 Uhr)<\/a><\/p>\n","protected":false},"excerpt":{"rendered":"<p>Data protection We collect and use your personal data exclusively in accordance with the data protection regulations of the Federal Republic of Germany. These include, in particular, the provisions of the Federal Data Protection Act (BDSG) and the Telemedia Act (TMG). Our employees and agents are obligated to comply with data protection regulations in accordance [&hellip;]<\/p>\n","protected":false},"author":3,"featured_media":0,"parent":0,"menu_order":0,"comment_status":"closed","ping_status":"closed","template":"","meta":{"footnotes":""},"class_list":["post-2765","page","type-page","status-publish","hentry"],"_links":{"self":[{"href":"https:\/\/www.millermusic.de\/en\/wp-json\/wp\/v2\/pages\/2765","targetHints":{"allow":["GET"]}}],"collection":[{"href":"https:\/\/www.millermusic.de\/en\/wp-json\/wp\/v2\/pages"}],"about":[{"href":"https:\/\/www.millermusic.de\/en\/wp-json\/wp\/v2\/types\/page"}],"author":[{"embeddable":true,"href":"https:\/\/www.millermusic.de\/en\/wp-json\/wp\/v2\/users\/3"}],"replies":[{"embeddable":true,"href":"https:\/\/www.millermusic.de\/en\/wp-json\/wp\/v2\/comments?post=2765"}],"version-history":[{"count":2,"href":"https:\/\/www.millermusic.de\/en\/wp-json\/wp\/v2\/pages\/2765\/revisions"}],"predecessor-version":[{"id":2873,"href":"https:\/\/www.millermusic.de\/en\/wp-json\/wp\/v2\/pages\/2765\/revisions\/2873"}],"wp:attachment":[{"href":"https:\/\/www.millermusic.de\/en\/wp-json\/wp\/v2\/media?parent=2765"}],"curies":[{"name":"wp","href":"https:\/\/api.w.org\/{rel}","templated":true}]}}